{"id":18789,"date":"2025-09-04T05:42:04","date_gmt":"2025-09-04T05:42:04","guid":{"rendered":"https:\/\/royesh-scb.com\/produktuebersicht\/"},"modified":"2025-09-11T20:57:04","modified_gmt":"2025-09-11T20:57:04","slug":"produktuebersicht","status":"publish","type":"page","link":"https:\/\/royesh-scb.com\/de\/produktuebersicht\/","title":{"rendered":"Produkt\u00fcbersicht"},"content":{"rendered":"\t\t<div data-elementor-type=\"wp-page\" data-elementor-id=\"18789\" class=\"elementor elementor-18789 elementor-18784\" data-elementor-settings=\"{&quot;element_pack_global_tooltip_width&quot;:{&quot;unit&quot;:&quot;px&quot;,&quot;size&quot;:&quot;&quot;,&quot;sizes&quot;:[]},&quot;element_pack_global_tooltip_width_laptop&quot;:{&quot;unit&quot;:&quot;px&quot;,&quot;size&quot;:&quot;&quot;,&quot;sizes&quot;:[]},&quot;element_pack_global_tooltip_width_tablet&quot;:{&quot;unit&quot;:&quot;px&quot;,&quot;size&quot;:&quot;&quot;,&quot;sizes&quot;:[]},&quot;element_pack_global_tooltip_width_mobile&quot;:{&quot;unit&quot;:&quot;px&quot;,&quot;size&quot;:&quot;&quot;,&quot;sizes&quot;:[]},&quot;element_pack_global_tooltip_padding&quot;:{&quot;unit&quot;:&quot;px&quot;,&quot;top&quot;:&quot;&quot;,&quot;right&quot;:&quot;&quot;,&quot;bottom&quot;:&quot;&quot;,&quot;left&quot;:&quot;&quot;,&quot;isLinked&quot;:true},&quot;element_pack_global_tooltip_padding_laptop&quot;:{&quot;unit&quot;:&quot;px&quot;,&quot;top&quot;:&quot;&quot;,&quot;right&quot;:&quot;&quot;,&quot;bottom&quot;:&quot;&quot;,&quot;left&quot;:&quot;&quot;,&quot;isLinked&quot;:true},&quot;element_pack_global_tooltip_padding_tablet&quot;:{&quot;unit&quot;:&quot;px&quot;,&quot;top&quot;:&quot;&quot;,&quot;right&quot;:&quot;&quot;,&quot;bottom&quot;:&quot;&quot;,&quot;left&quot;:&quot;&quot;,&quot;isLinked&quot;:true},&quot;element_pack_global_tooltip_padding_mobile&quot;:{&quot;unit&quot;:&quot;px&quot;,&quot;top&quot;:&quot;&quot;,&quot;right&quot;:&quot;&quot;,&quot;bottom&quot;:&quot;&quot;,&quot;left&quot;:&quot;&quot;,&quot;isLinked&quot;:true},&quot;element_pack_global_tooltip_border_radius&quot;:{&quot;unit&quot;:&quot;px&quot;,&quot;top&quot;:&quot;&quot;,&quot;right&quot;:&quot;&quot;,&quot;bottom&quot;:&quot;&quot;,&quot;left&quot;:&quot;&quot;,&quot;isLinked&quot;:true},&quot;element_pack_global_tooltip_border_radius_laptop&quot;:{&quot;unit&quot;:&quot;px&quot;,&quot;top&quot;:&quot;&quot;,&quot;right&quot;:&quot;&quot;,&quot;bottom&quot;:&quot;&quot;,&quot;left&quot;:&quot;&quot;,&quot;isLinked&quot;:true},&quot;element_pack_global_tooltip_border_radius_tablet&quot;:{&quot;unit&quot;:&quot;px&quot;,&quot;top&quot;:&quot;&quot;,&quot;right&quot;:&quot;&quot;,&quot;bottom&quot;:&quot;&quot;,&quot;left&quot;:&quot;&quot;,&quot;isLinked&quot;:true},&quot;element_pack_global_tooltip_border_radius_mobile&quot;:{&quot;unit&quot;:&quot;px&quot;,&quot;top&quot;:&quot;&quot;,&quot;right&quot;:&quot;&quot;,&quot;bottom&quot;:&quot;&quot;,&quot;left&quot;:&quot;&quot;,&quot;isLinked&quot;:true}}\" data-elementor-post-type=\"page\">\n\t\t\t\t<div class=\"elementor-element elementor-element-95dd916 e-con-full e-flex e-con e-parent\" data-id=\"95dd916\" data-element_type=\"container\">\n\t\t<div class=\"elementor-element elementor-element-5465d8b e-con-full e-flex e-con e-child\" data-id=\"5465d8b\" data-element_type=\"container\">\n\t\t\t\t<div class=\"elementor-element elementor-element-ed65a65 elementor-widget elementor-widget-bdt-advanced-heading\" data-id=\"ed65a65\" data-element_type=\"widget\" data-widget_type=\"bdt-advanced-heading.default\">\n\t\t\t\t<div class=\"elementor-widget-container\">\n\t\t\t\t\t<div id =\"ed65a65\" class=\"bdt-ep-advanced-heading\" data-settings=\"{&quot;titleMultiColor&quot;:&quot;no&quot;}\"><h2 class=\"bdt-ep-advanced-heading-title\"><span class=\"bdt-ep-advanced-heading-main-title\"><span class=\"bdt-ep-advanced-heading-main-title-inner\">Produkt\u00fcbersicht | ROYESH-SCB Institut<\/span><\/span><\/h2><\/div>\t\t\t\t<\/div>\n\t\t\t\t<\/div>\n\t\t<div class=\"elementor-element elementor-element-4b3f79e e-con-full e-flex e-con e-child\" data-id=\"4b3f79e\" data-element_type=\"container\">\n\t\t<div class=\"elementor-element elementor-element-49a857d e-con-full e-flex e-con e-child\" data-id=\"49a857d\" data-element_type=\"container\">\n\t\t\t\t<div class=\"elementor-element elementor-element-f08f7de color-scheme-dark text-left elementor-widget elementor-widget-text-editor\" data-id=\"f08f7de\" data-element_type=\"widget\" data-widget_type=\"text-editor.default\">\n\t\t\t\t<div class=\"elementor-widget-container\">\n\t\t\t\t\t\t\t\t\t<p>Die Produkt\u00fcbersichtsseite von <strong>ROYESH-SCB<\/strong> dient als Einstieg in das Portfolio des Instituts an fortschrittlichen Stammzelll\u00f6sungen und unterstreicht das unersch\u00fctterliche Engagement f\u00fcr wissenschaftliche Exzellenz und ethische Innovation. Sie pr\u00e4sentiert ein umfangreiches Sortiment an streng validierten Stammzelllinien, Krebszelllinien und anderen Zelllinien verschiedener Spezies, spezialisierten Reagenzien, Nanopartikeln und ma\u00dfgeschneiderten Support-Services und bietet Forschern, Klinikern und Industriepartnern eine nahtlose Navigation und umfassende Produkterkundung.<\/p><p>Unsere Produkte sind in zwei Hauptbereichen unterteilt: <strong>\u201eZell- und Gewebebiobank\u201c<\/strong> sowie <strong>\u201ePolymere Mikrosph\u00e4ren und Nanopartikel\u201c<\/strong>. Jede Kategorie unterstreicht das Engagement des Instituts f\u00fcr internationale Qualit\u00e4tsstandards. Merkmale wie die Einhaltung gesetzlicher Vorschriften und propriet\u00e4re Technologien setzen Ma\u00dfst\u00e4be f\u00fcr Zuverl\u00e4ssigkeit in der biomedizinischen Forschung und Anwendung.<\/p>\t\t\t\t\t\t\t\t<\/div>\n\t\t\t\t<\/div>\n\t\t\t\t<\/div>\n\t\t\t\t<\/div>\n\t\t\t\t<\/div>\n\t\t\t\t<\/div>\n\t\t\t\t<\/div>\n\t\t","protected":false},"excerpt":{"rendered":"<p>Produkt\u00fcbersicht | ROYESH-SCB Institut Die Produkt\u00fcbersichtsseite von ROYESH-SCB dient als Einstieg in das Portfolio des Instituts an fortschrittlichen Stammzelll\u00f6sungen und<\/p>\n","protected":false},"author":1,"featured_media":0,"parent":0,"menu_order":0,"comment_status":"closed","ping_status":"closed","template":"elementor_theme","meta":{"footnotes":""},"class_list":["post-18789","page","type-page","status-publish","hentry"],"yoast_head":"<!-- This site is optimized with the Yoast SEO Premium plugin v25.8 (Yoast SEO v26.3) - https:\/\/yoast.com\/wordpress\/plugins\/seo\/ -->\n<title>Produkt\u00fcbersicht - ROYESH-SCB Institute<\/title>\n<meta name=\"robots\" content=\"index, follow, max-snippet:-1, max-image-preview:large, max-video-preview:-1\" \/>\n<link rel=\"canonical\" href=\"https:\/\/royesh-scb.com\/product-overview\/\" \/>\n<meta property=\"og:locale\" content=\"de_DE\" \/>\n<meta property=\"og:type\" content=\"article\" \/>\n<meta property=\"og:title\" content=\"Produkt\u00fcbersicht\" \/>\n<meta property=\"og:description\" content=\"Produkt\u00fcbersicht | ROYESH-SCB Institut Die Produkt\u00fcbersichtsseite von ROYESH-SCB dient als Einstieg in das Portfolio des Instituts an fortschrittlichen Stammzelll\u00f6sungen und\" \/>\n<meta property=\"og:url\" content=\"https:\/\/royesh-scb.com\/product-overview\/\" \/>\n<meta property=\"og:site_name\" content=\"ROYESH-SCB Institute\" \/>\n<meta property=\"article:modified_time\" content=\"2025-09-11T20:57:04+00:00\" \/>\n<meta name=\"twitter:card\" content=\"summary_large_image\" \/>\n<meta name=\"twitter:label1\" content=\"Gesch\u00e4tzte Lesezeit\" \/>\n\t<meta name=\"twitter:data1\" content=\"1\u00a0Minute\" \/>\n<script type=\"application\/ld+json\" class=\"yoast-schema-graph\">{\"@context\":\"https:\/\/schema.org\",\"@graph\":[{\"@type\":\"WebPage\",\"@id\":\"https:\/\/royesh-scb.com\/product-overview\/\",\"url\":\"https:\/\/royesh-scb.com\/product-overview\/\",\"name\":\"Produkt\u00fcbersicht - ROYESH-SCB Institute\",\"isPartOf\":{\"@id\":\"https:\/\/royesh-scb.com\/#website\"},\"datePublished\":\"2025-09-04T05:42:04+00:00\",\"dateModified\":\"2025-09-11T20:57:04+00:00\",\"breadcrumb\":{\"@id\":\"https:\/\/royesh-scb.com\/product-overview\/#breadcrumb\"},\"inLanguage\":\"de\",\"potentialAction\":[{\"@type\":\"ReadAction\",\"target\":[\"https:\/\/royesh-scb.com\/product-overview\/\"]}]},{\"@type\":\"BreadcrumbList\",\"@id\":\"https:\/\/royesh-scb.com\/product-overview\/#breadcrumb\",\"itemListElement\":[{\"@type\":\"ListItem\",\"position\":1,\"name\":\"Home\",\"item\":\"https:\/\/royesh-scb.com\/fa\/\"},{\"@type\":\"ListItem\",\"position\":2,\"name\":\"Produkt\u00fcbersicht\"}]},{\"@type\":\"WebSite\",\"@id\":\"https:\/\/royesh-scb.com\/#website\",\"url\":\"https:\/\/royesh-scb.com\/\",\"name\":\"ROYESH-SCB Institute\",\"description\":\"\",\"potentialAction\":[{\"@type\":\"SearchAction\",\"target\":{\"@type\":\"EntryPoint\",\"urlTemplate\":\"https:\/\/royesh-scb.com\/?s={search_term_string}\"},\"query-input\":{\"@type\":\"PropertyValueSpecification\",\"valueRequired\":true,\"valueName\":\"search_term_string\"}}],\"inLanguage\":\"de\"}]}<\/script>\n<!-- \/ Yoast SEO Premium plugin. -->","yoast_head_json":{"title":"Produkt\u00fcbersicht - ROYESH-SCB Institute","robots":{"index":"index","follow":"follow","max-snippet":"max-snippet:-1","max-image-preview":"max-image-preview:large","max-video-preview":"max-video-preview:-1"},"canonical":"https:\/\/royesh-scb.com\/product-overview\/","og_locale":"de_DE","og_type":"article","og_title":"Produkt\u00fcbersicht","og_description":"Produkt\u00fcbersicht | ROYESH-SCB Institut Die Produkt\u00fcbersichtsseite von ROYESH-SCB dient als Einstieg in das Portfolio des Instituts an fortschrittlichen Stammzelll\u00f6sungen und","og_url":"https:\/\/royesh-scb.com\/product-overview\/","og_site_name":"ROYESH-SCB Institute","article_modified_time":"2025-09-11T20:57:04+00:00","twitter_card":"summary_large_image","twitter_misc":{"Gesch\u00e4tzte Lesezeit":"1\u00a0Minute"},"schema":{"@context":"https:\/\/schema.org","@graph":[{"@type":"WebPage","@id":"https:\/\/royesh-scb.com\/product-overview\/","url":"https:\/\/royesh-scb.com\/product-overview\/","name":"Produkt\u00fcbersicht - ROYESH-SCB Institute","isPartOf":{"@id":"https:\/\/royesh-scb.com\/#website"},"datePublished":"2025-09-04T05:42:04+00:00","dateModified":"2025-09-11T20:57:04+00:00","breadcrumb":{"@id":"https:\/\/royesh-scb.com\/product-overview\/#breadcrumb"},"inLanguage":"de","potentialAction":[{"@type":"ReadAction","target":["https:\/\/royesh-scb.com\/product-overview\/"]}]},{"@type":"BreadcrumbList","@id":"https:\/\/royesh-scb.com\/product-overview\/#breadcrumb","itemListElement":[{"@type":"ListItem","position":1,"name":"Home","item":"https:\/\/royesh-scb.com\/fa\/"},{"@type":"ListItem","position":2,"name":"Produkt\u00fcbersicht"}]},{"@type":"WebSite","@id":"https:\/\/royesh-scb.com\/#website","url":"https:\/\/royesh-scb.com\/","name":"ROYESH-SCB Institute","description":"","potentialAction":[{"@type":"SearchAction","target":{"@type":"EntryPoint","urlTemplate":"https:\/\/royesh-scb.com\/?s={search_term_string}"},"query-input":{"@type":"PropertyValueSpecification","valueRequired":true,"valueName":"search_term_string"}}],"inLanguage":"de"}]}},"_links":{"self":[{"href":"https:\/\/royesh-scb.com\/de\/wp-json\/wp\/v2\/pages\/18789","targetHints":{"allow":["GET"]}}],"collection":[{"href":"https:\/\/royesh-scb.com\/de\/wp-json\/wp\/v2\/pages"}],"about":[{"href":"https:\/\/royesh-scb.com\/de\/wp-json\/wp\/v2\/types\/page"}],"author":[{"embeddable":true,"href":"https:\/\/royesh-scb.com\/de\/wp-json\/wp\/v2\/users\/1"}],"replies":[{"embeddable":true,"href":"https:\/\/royesh-scb.com\/de\/wp-json\/wp\/v2\/comments?post=18789"}],"version-history":[{"count":4,"href":"https:\/\/royesh-scb.com\/de\/wp-json\/wp\/v2\/pages\/18789\/revisions"}],"predecessor-version":[{"id":19500,"href":"https:\/\/royesh-scb.com\/de\/wp-json\/wp\/v2\/pages\/18789\/revisions\/19500"}],"wp:attachment":[{"href":"https:\/\/royesh-scb.com\/de\/wp-json\/wp\/v2\/media?parent=18789"}],"curies":[{"name":"wp","href":"https:\/\/api.w.org\/{rel}","templated":true}]}}