{"id":18443,"date":"2025-08-11T11:52:47","date_gmt":"2025-08-11T11:52:47","guid":{"rendered":"https:\/\/royesh-scb.com\/geschichte\/"},"modified":"2025-08-12T12:53:46","modified_gmt":"2025-08-12T12:53:46","slug":"geschichte","status":"publish","type":"page","link":"https:\/\/royesh-scb.com\/de\/geschichte\/","title":{"rendered":"Geschichte"},"content":{"rendered":"\t\t<div data-elementor-type=\"wp-page\" data-elementor-id=\"18443\" class=\"elementor elementor-18443 elementor-18439\" data-elementor-settings=\"{&quot;element_pack_global_tooltip_width&quot;:{&quot;unit&quot;:&quot;px&quot;,&quot;size&quot;:&quot;&quot;,&quot;sizes&quot;:[]},&quot;element_pack_global_tooltip_width_laptop&quot;:{&quot;unit&quot;:&quot;px&quot;,&quot;size&quot;:&quot;&quot;,&quot;sizes&quot;:[]},&quot;element_pack_global_tooltip_width_tablet&quot;:{&quot;unit&quot;:&quot;px&quot;,&quot;size&quot;:&quot;&quot;,&quot;sizes&quot;:[]},&quot;element_pack_global_tooltip_width_mobile&quot;:{&quot;unit&quot;:&quot;px&quot;,&quot;size&quot;:&quot;&quot;,&quot;sizes&quot;:[]},&quot;element_pack_global_tooltip_padding&quot;:{&quot;unit&quot;:&quot;px&quot;,&quot;top&quot;:&quot;&quot;,&quot;right&quot;:&quot;&quot;,&quot;bottom&quot;:&quot;&quot;,&quot;left&quot;:&quot;&quot;,&quot;isLinked&quot;:true},&quot;element_pack_global_tooltip_padding_laptop&quot;:{&quot;unit&quot;:&quot;px&quot;,&quot;top&quot;:&quot;&quot;,&quot;right&quot;:&quot;&quot;,&quot;bottom&quot;:&quot;&quot;,&quot;left&quot;:&quot;&quot;,&quot;isLinked&quot;:true},&quot;element_pack_global_tooltip_padding_tablet&quot;:{&quot;unit&quot;:&quot;px&quot;,&quot;top&quot;:&quot;&quot;,&quot;right&quot;:&quot;&quot;,&quot;bottom&quot;:&quot;&quot;,&quot;left&quot;:&quot;&quot;,&quot;isLinked&quot;:true},&quot;element_pack_global_tooltip_padding_mobile&quot;:{&quot;unit&quot;:&quot;px&quot;,&quot;top&quot;:&quot;&quot;,&quot;right&quot;:&quot;&quot;,&quot;bottom&quot;:&quot;&quot;,&quot;left&quot;:&quot;&quot;,&quot;isLinked&quot;:true},&quot;element_pack_global_tooltip_border_radius&quot;:{&quot;unit&quot;:&quot;px&quot;,&quot;top&quot;:&quot;&quot;,&quot;right&quot;:&quot;&quot;,&quot;bottom&quot;:&quot;&quot;,&quot;left&quot;:&quot;&quot;,&quot;isLinked&quot;:true},&quot;element_pack_global_tooltip_border_radius_laptop&quot;:{&quot;unit&quot;:&quot;px&quot;,&quot;top&quot;:&quot;&quot;,&quot;right&quot;:&quot;&quot;,&quot;bottom&quot;:&quot;&quot;,&quot;left&quot;:&quot;&quot;,&quot;isLinked&quot;:true},&quot;element_pack_global_tooltip_border_radius_tablet&quot;:{&quot;unit&quot;:&quot;px&quot;,&quot;top&quot;:&quot;&quot;,&quot;right&quot;:&quot;&quot;,&quot;bottom&quot;:&quot;&quot;,&quot;left&quot;:&quot;&quot;,&quot;isLinked&quot;:true},&quot;element_pack_global_tooltip_border_radius_mobile&quot;:{&quot;unit&quot;:&quot;px&quot;,&quot;top&quot;:&quot;&quot;,&quot;right&quot;:&quot;&quot;,&quot;bottom&quot;:&quot;&quot;,&quot;left&quot;:&quot;&quot;,&quot;isLinked&quot;:true}}\" data-elementor-post-type=\"page\">\n\t\t\t\t<div class=\"elementor-element elementor-element-e396dc1 e-con-full e-flex e-con e-parent\" data-id=\"e396dc1\" data-element_type=\"container\">\n\t\t<div class=\"elementor-element elementor-element-c4ed6e9 e-con-full e-flex e-con e-child\" data-id=\"c4ed6e9\" data-element_type=\"container\">\n\t\t\t\t<div class=\"elementor-element elementor-element-17ef826 elementor-widget elementor-widget-bdt-advanced-heading\" data-id=\"17ef826\" data-element_type=\"widget\" data-widget_type=\"bdt-advanced-heading.default\">\n\t\t\t\t<div class=\"elementor-widget-container\">\n\t\t\t\t\t<div id =\"17ef826\" class=\"bdt-ep-advanced-heading\" data-settings=\"{&quot;titleMultiColor&quot;:&quot;no&quot;}\">\t\t\t<div class=\"bdt-ep-advanced-heading-sub-title\">\n\t\t\t\t<div class=\"bdt-ep-advanced-heading-sub-title-content\">\n\t\t\t\t\t                        <span class=\"bdt-flex-align-right\">\n                            <svg aria-hidden=\"true\" class=\"fa-fw e-font-icon-svg e-fas-hand-point-down\" viewBox=\"0 0 384 512\" xmlns=\"http:\/\/www.w3.org\/2000\/svg\"><path d=\"M91.826 467.2V317.966c-8.248 5.841-16.558 10.57-24.918 14.153C35.098 345.752-.014 322.222 0 288c.008-18.616 10.897-32.203 29.092-40 28.286-12.122 64.329-78.648 77.323-107.534 7.956-17.857 25.479-28.453 43.845-28.464l.001-.002h171.526c11.812 0 21.897 8.596 23.703 20.269 7.25 46.837 38.483 61.76 38.315 123.731-.007 2.724.195 13.254.195 16 0 50.654-22.122 81.574-71.263 72.6-9.297 18.597-39.486 30.738-62.315 16.45-21.177 24.645-53.896 22.639-70.944 6.299V467.2c0 24.15-20.201 44.8-43.826 44.8-23.283 0-43.826-21.35-43.826-44.8zM112 72V24c0-13.255 10.745-24 24-24h192c13.255 0 24 10.745 24 24v48c0 13.255-10.745 24-24 24H136c-13.255 0-24-10.745-24-24zm212-24c0-11.046-8.954-20-20-20s-20 8.954-20 20 8.954 20 20 20 20-8.954 20-20z\"><\/path><\/svg>                        <\/span>\n\t\t\t\t\t\t\t\t\t\tGeschichte\t\t\t\t\t\t\t\t\t<\/div>\n\t\t\t\t\t\t\t<\/div>\n\t\t\t<h2 class=\"bdt-ep-advanced-heading-title\"><span class=\"bdt-ep-advanced-heading-main-title\"><span class=\"bdt-ep-advanced-heading-main-title-inner\">Geschichte ROYESH-SCB<\/span><\/span><\/h2><\/div>\t\t\t\t<\/div>\n\t\t\t\t<\/div>\n\t\t<div class=\"elementor-element elementor-element-bbdd72d e-con-full e-flex e-con e-child\" data-id=\"bbdd72d\" data-element_type=\"container\">\n\t\t<div class=\"elementor-element elementor-element-479c3dd e-con-full e-flex e-con e-child\" data-id=\"479c3dd\" data-element_type=\"container\">\n\t\t\t\t<div class=\"elementor-element elementor-element-31f2d79 color-scheme-dark text-left elementor-widget elementor-widget-text-editor\" data-id=\"31f2d79\" data-element_type=\"widget\" data-widget_type=\"text-editor.default\">\n\t\t\t\t<div class=\"elementor-widget-container\">\n\t\t\t\t\t\t\t\t\t<p>Das ROYESH-SCB Institute wurde 2011 mit dem bahnbrechenden Ziel gegr\u00fcndet, die Forschung und Ausbildung im Bereich der Stammzellbiotechnologie voranzutreiben, um die regenerative Medizin zu revolutionieren. Basierend auf unserer \u00dcberzeugung, dass \u201ekeine Verbesserung erzielt werden kann, wenn die Bildungsgrundlage nicht ver\u00e4ndert wird\u201c, war die Einrichtung langfristiger Plattformen f\u00fcr die Vermittlung fortgeschrittener F\u00e4higkeiten im Bereich Biotechnologie und Stammzellen unser erster Meilenstein. Diese verbessern das wissenschaftliche und Forschungsniveau der Studierenden und versetzen sie in die Lage, leichter ihren Wunschjob zu finden oder ihre anstehenden Projekte mit klareren Erkenntnissen anzugehen. Inspiriert von den damals noch ungedeckten klinischen Bed\u00fcrfnissen und wissenschaftlichen Fragen widmeten wir uns in den ersten Jahren dem Aufbau eines starken Forschungsteams und der Anbahnung erster Kooperationen mit f\u00fchrenden Universit\u00e4ten und Forschungsinstituten.  <\/p>\n\t\t\t\t\t\t\t\t<\/div>\n\t\t\t\t<\/div>\n\t\t\t\t<div class=\"elementor-element elementor-element-afdb6bb color-scheme-inherit text-left elementor-widget elementor-widget-text-editor\" data-id=\"afdb6bb\" data-element_type=\"widget\" data-widget_type=\"text-editor.default\">\n\t\t\t\t<div class=\"elementor-widget-container\">\n\t\t\t\t\t\t\t\t\t<p>Der zweite Durchbruch unseres Instituts erfolgte 2015, als eine Zellbank mit Stammzelllinien von Menschen, Ratten und Kaninchen sowie menschlichen Krebszelllinien erfolgreich eingerichtet wurde. Diese Zelllinien, die ersten Produkte des ROYESH-SCB-Instituts, wurden in verschiedenen Forschungsprojekten eingesetzt und bildeten den ersten Schritt zum Verkauf von Produkten an andere Institute, Krankenh\u00e4user und Universit\u00e4ten. <\/p>\n\t\t\t\t\t\t\t\t<\/div>\n\t\t\t\t<\/div>\n\t\t\t\t<div class=\"elementor-element elementor-element-481984d color-scheme-inherit text-left elementor-widget elementor-widget-text-editor\" data-id=\"481984d\" data-element_type=\"widget\" data-widget_type=\"text-editor.default\">\n\t\t\t\t<div class=\"elementor-widget-container\">\n\t\t\t\t\t\t\t\t\t<p>Seit 2020, als die Forschungsgruppe \u201eBiomaterials &amp; Biomedical Sciences\u201d gegr\u00fcndet wurde, wurde die Entwicklung und Herstellung von polymeren Mikrok\u00fcgelchen und Nanopartikeln unter Einsatz modernster Technologien parallel zur Durchf\u00fchrung der entsprechenden Forschungsprojekte als weiteres Ziel des ROYESH-SCB-Instituts angesehen. <\/p>\n\t\t\t\t\t\t\t\t<\/div>\n\t\t\t\t<\/div>\n\t\t\t\t<div class=\"elementor-element elementor-element-b62c0e4 color-scheme-inherit text-left elementor-widget elementor-widget-text-editor\" data-id=\"b62c0e4\" data-element_type=\"widget\" data-widget_type=\"text-editor.default\">\n\t\t\t\t<div class=\"elementor-widget-container\">\n\t\t\t\t\t\t\t\t\t<p>In den letzten zehn Jahren hat sich das ROYESH-SCB-Institut zu einem multidisziplin\u00e4ren Forschungszentrum entwickelt, das f\u00fcr sein Engagement f\u00fcr Innovation, hochwirksame Wissenschaft und seinen Kooperationsgeist bekannt ist. Unsere Forscher und wissenschaftlichen Forschungsratsmitglieder an diesem Institut haben einen wirksamen Schritt unternommen, um die angesehene Position des ROYESH-SCB-Instituts in den Stammzellen- und Biotechnologie-Communities zu etablieren, indem sie Dutzende von Artikeln mit hoher Wirkung ver\u00f6ffentlicht, als Gastredner an internationalen Konferenzen auf der ganzen Welt teilgenommen, mehrere B\u00fccher und Standards f\u00fcr Fortgeschrittenen-Schulungen zusammengestellt und verfasst sowie bahnbrechende Innovationen vorgestellt haben. <\/p>\n\t\t\t\t\t\t\t\t<\/div>\n\t\t\t\t<\/div>\n\t\t\t\t<div class=\"elementor-element elementor-element-c753023 color-scheme-inherit text-left elementor-widget elementor-widget-text-editor\" data-id=\"c753023\" data-element_type=\"widget\" data-widget_type=\"text-editor.default\">\n\t\t\t\t<div class=\"elementor-widget-container\">\n\t\t\t\t\t\t\t\t\t<p>Mit Blick auf die Zukunft bleiben wir weiterhin bestrebt, eine Br\u00fccke zwischen Grundlagenforschung und klinischer Anwendung zu schlagen und lebensver\u00e4ndernde Therapien zu entwickeln, die auf den neuesten Fortschritten in der Stammzell- und Biotechnologie basieren. Wir erweitern weiterhin die Grenzen der Stammzell- und Biomedizinwissenschaften, indem wir gemeinsame und synergetische Kooperationen sowie weltweite Partnerschaften mit f\u00fchrenden Vertretern aus Wissenschaft und Industrie eingehen. <\/p>\n\t\t\t\t\t\t\t\t<\/div>\n\t\t\t\t<\/div>\n\t\t\t\t<\/div>\n\t\t\t\t<\/div>\n\t\t\t\t<\/div>\n\t\t\t\t<\/div>\n\t\t\t\t<\/div>\n\t\t","protected":false},"excerpt":{"rendered":"<p>Geschichte Geschichte ROYESH-SCB Das ROYESH-SCB Institute wurde 2011 mit dem bahnbrechenden Ziel gegr\u00fcndet, die Forschung und Ausbildung im Bereich der<\/p>\n","protected":false},"author":1,"featured_media":0,"parent":0,"menu_order":0,"comment_status":"closed","ping_status":"closed","template":"elementor_theme","meta":{"footnotes":""},"class_list":["post-18443","page","type-page","status-publish","hentry"],"yoast_head":"<!-- This site is optimized with the Yoast SEO Premium plugin v25.8 (Yoast SEO v26.3) - https:\/\/yoast.com\/wordpress\/plugins\/seo\/ -->\n<title>Geschichte - ROYESH-SCB Institute<\/title>\n<meta name=\"robots\" content=\"index, follow, max-snippet:-1, max-image-preview:large, max-video-preview:-1\" \/>\n<link rel=\"canonical\" href=\"https:\/\/royesh-scb.com\/de\/geschichte\/\" \/>\n<meta property=\"og:locale\" content=\"de_DE\" \/>\n<meta property=\"og:type\" content=\"article\" \/>\n<meta property=\"og:title\" content=\"Geschichte\" \/>\n<meta property=\"og:description\" content=\"Geschichte Geschichte ROYESH-SCB Das ROYESH-SCB Institute wurde 2011 mit dem bahnbrechenden Ziel gegr\u00fcndet, die Forschung und Ausbildung im Bereich der\" \/>\n<meta property=\"og:url\" content=\"https:\/\/royesh-scb.com\/de\/geschichte\/\" \/>\n<meta property=\"og:site_name\" content=\"ROYESH-SCB Institute\" \/>\n<meta property=\"article:modified_time\" content=\"2025-08-12T12:53:46+00:00\" \/>\n<meta name=\"twitter:card\" content=\"summary_large_image\" \/>\n<meta name=\"twitter:label1\" content=\"Gesch\u00e4tzte Lesezeit\" \/>\n\t<meta name=\"twitter:data1\" content=\"2\u00a0Minuten\" \/>\n<script type=\"application\/ld+json\" class=\"yoast-schema-graph\">{\"@context\":\"https:\/\/schema.org\",\"@graph\":[{\"@type\":\"WebPage\",\"@id\":\"https:\/\/royesh-scb.com\/de\/geschichte\/\",\"url\":\"https:\/\/royesh-scb.com\/de\/geschichte\/\",\"name\":\"Geschichte - ROYESH-SCB Institute\",\"isPartOf\":{\"@id\":\"https:\/\/royesh-scb.com\/#website\"},\"datePublished\":\"2025-08-11T11:52:47+00:00\",\"dateModified\":\"2025-08-12T12:53:46+00:00\",\"breadcrumb\":{\"@id\":\"https:\/\/royesh-scb.com\/de\/geschichte\/#breadcrumb\"},\"inLanguage\":\"de\",\"potentialAction\":[{\"@type\":\"ReadAction\",\"target\":[\"https:\/\/royesh-scb.com\/de\/geschichte\/\"]}]},{\"@type\":\"BreadcrumbList\",\"@id\":\"https:\/\/royesh-scb.com\/de\/geschichte\/#breadcrumb\",\"itemListElement\":[{\"@type\":\"ListItem\",\"position\":1,\"name\":\"Home\",\"item\":\"https:\/\/royesh-scb.com\/fa\/\"},{\"@type\":\"ListItem\",\"position\":2,\"name\":\"Geschichte\"}]},{\"@type\":\"WebSite\",\"@id\":\"https:\/\/royesh-scb.com\/#website\",\"url\":\"https:\/\/royesh-scb.com\/\",\"name\":\"ROYESH-SCB Institute\",\"description\":\"\",\"potentialAction\":[{\"@type\":\"SearchAction\",\"target\":{\"@type\":\"EntryPoint\",\"urlTemplate\":\"https:\/\/royesh-scb.com\/?s={search_term_string}\"},\"query-input\":{\"@type\":\"PropertyValueSpecification\",\"valueRequired\":true,\"valueName\":\"search_term_string\"}}],\"inLanguage\":\"de\"}]}<\/script>\n<!-- \/ Yoast SEO Premium plugin. -->","yoast_head_json":{"title":"Geschichte - ROYESH-SCB Institute","robots":{"index":"index","follow":"follow","max-snippet":"max-snippet:-1","max-image-preview":"max-image-preview:large","max-video-preview":"max-video-preview:-1"},"canonical":"https:\/\/royesh-scb.com\/de\/geschichte\/","og_locale":"de_DE","og_type":"article","og_title":"Geschichte","og_description":"Geschichte Geschichte ROYESH-SCB Das ROYESH-SCB Institute wurde 2011 mit dem bahnbrechenden Ziel gegr\u00fcndet, die Forschung und Ausbildung im Bereich der","og_url":"https:\/\/royesh-scb.com\/de\/geschichte\/","og_site_name":"ROYESH-SCB Institute","article_modified_time":"2025-08-12T12:53:46+00:00","twitter_card":"summary_large_image","twitter_misc":{"Gesch\u00e4tzte Lesezeit":"2\u00a0Minuten"},"schema":{"@context":"https:\/\/schema.org","@graph":[{"@type":"WebPage","@id":"https:\/\/royesh-scb.com\/de\/geschichte\/","url":"https:\/\/royesh-scb.com\/de\/geschichte\/","name":"Geschichte - ROYESH-SCB Institute","isPartOf":{"@id":"https:\/\/royesh-scb.com\/#website"},"datePublished":"2025-08-11T11:52:47+00:00","dateModified":"2025-08-12T12:53:46+00:00","breadcrumb":{"@id":"https:\/\/royesh-scb.com\/de\/geschichte\/#breadcrumb"},"inLanguage":"de","potentialAction":[{"@type":"ReadAction","target":["https:\/\/royesh-scb.com\/de\/geschichte\/"]}]},{"@type":"BreadcrumbList","@id":"https:\/\/royesh-scb.com\/de\/geschichte\/#breadcrumb","itemListElement":[{"@type":"ListItem","position":1,"name":"Home","item":"https:\/\/royesh-scb.com\/fa\/"},{"@type":"ListItem","position":2,"name":"Geschichte"}]},{"@type":"WebSite","@id":"https:\/\/royesh-scb.com\/#website","url":"https:\/\/royesh-scb.com\/","name":"ROYESH-SCB Institute","description":"","potentialAction":[{"@type":"SearchAction","target":{"@type":"EntryPoint","urlTemplate":"https:\/\/royesh-scb.com\/?s={search_term_string}"},"query-input":{"@type":"PropertyValueSpecification","valueRequired":true,"valueName":"search_term_string"}}],"inLanguage":"de"}]}},"_links":{"self":[{"href":"https:\/\/royesh-scb.com\/de\/wp-json\/wp\/v2\/pages\/18443","targetHints":{"allow":["GET"]}}],"collection":[{"href":"https:\/\/royesh-scb.com\/de\/wp-json\/wp\/v2\/pages"}],"about":[{"href":"https:\/\/royesh-scb.com\/de\/wp-json\/wp\/v2\/types\/page"}],"author":[{"embeddable":true,"href":"https:\/\/royesh-scb.com\/de\/wp-json\/wp\/v2\/users\/1"}],"replies":[{"embeddable":true,"href":"https:\/\/royesh-scb.com\/de\/wp-json\/wp\/v2\/comments?post=18443"}],"version-history":[{"count":2,"href":"https:\/\/royesh-scb.com\/de\/wp-json\/wp\/v2\/pages\/18443\/revisions"}],"predecessor-version":[{"id":18552,"href":"https:\/\/royesh-scb.com\/de\/wp-json\/wp\/v2\/pages\/18443\/revisions\/18552"}],"wp:attachment":[{"href":"https:\/\/royesh-scb.com\/de\/wp-json\/wp\/v2\/media?parent=18443"}],"curies":[{"name":"wp","href":"https:\/\/api.w.org\/{rel}","templated":true}]}}